{"id":8225,"date":"2025-07-01T16:33:13","date_gmt":"2025-07-01T14:33:13","guid":{"rendered":"https:\/\/www.lareferencepierre.fr\/accueil\/?page_id=8225"},"modified":"2025-07-01T16:36:34","modified_gmt":"2025-07-01T14:36:34","slug":"reclamation","status":"publish","type":"page","link":"https:\/\/www.lareferencepierre.fr\/accueil\/reclamation\/","title":{"rendered":"R\u00e9clamation"},"content":{"rendered":"\n<p style=\"margin-top:var(--wp--preset--spacing--minus-4);margin-right:var(--wp--preset--spacing--plus-3);margin-bottom:var(--wp--preset--spacing--minus-4);margin-left:var(--wp--preset--spacing--plus-3)\"><strong>Qu\u2019entend-on par r\u00e9clamation ?<\/strong><\/p>\n\n\n\n<p style=\"margin-top:var(--wp--preset--spacing--minus-4);margin-right:var(--wp--preset--spacing--plus-3);margin-bottom:var(--wp--preset--spacing--minus-4);margin-left:var(--wp--preset--spacing--plus-3)\">Sachez que, constitue une r\u00e9clamation, toute d\u00e9claration actant du m\u00e9contentement d\u2019un client envers un professionnel : d\u00e8s lors, une demande de service ou de prestation, une demande d\u2019information, de clarification ou une demande d\u2019avis n\u2019est pas une r\u00e9clamation.<\/p>\n\n\n\n<p style=\"margin-top:var(--wp--preset--spacing--minus-4);margin-right:var(--wp--preset--spacing--plus-3);margin-bottom:var(--wp--preset--spacing--minus-4);margin-left:var(--wp--preset--spacing--plus-3)\">Afin de pouvoir traiter votre demande dans les meilleures conditions, nous vous remercions de suivre les \u00e9tapes d\u00e9crites ci-apr\u00e8s.<\/p>\n\n\n\n<p style=\"margin-top:var(--wp--preset--spacing--minus-4);margin-right:var(--wp--preset--spacing--plus-3);margin-bottom:var(--wp--preset--spacing--minus-4);margin-left:var(--wp--preset--spacing--plus-3)\">A compter de la r\u00e9ception de votre r\u00e9clamation, nous nous engageons :<\/p>\n\n\n\n<p style=\"margin-top:var(--wp--preset--spacing--minus-4);margin-right:var(--wp--preset--spacing--plus-3);margin-bottom:var(--wp--preset--spacing--minus-4);margin-left:var(--wp--preset--spacing--plus-3)\">\u2013 A accuser r\u00e9ception de votre r\u00e9clamation sous 10 jours, sauf si la r\u00e9ponse vous est apport\u00e9e dans ce d\u00e9lai&nbsp;;<\/p>\n\n\n\n<p style=\"margin-top:var(--wp--preset--spacing--minus-4);margin-right:var(--wp--preset--spacing--plus-3);margin-bottom:var(--wp--preset--spacing--minus-4);margin-left:var(--wp--preset--spacing--plus-3)\">\u2013 A vous apporter une r\u00e9ponse sous un d\u00e9lai maximum de 2 mois, hors survenance de circonstances particuli\u00e8res dont vous serez tenu inform\u00e9.<\/p>\n\n\n\n<p style=\"margin-top:var(--wp--preset--spacing--minus-4);margin-right:var(--wp--preset--spacing--plus-3);margin-bottom:var(--wp--preset--spacing--minus-4);margin-left:var(--wp--preset--spacing--plus-3)\"><strong>Votre interlocuteur au Groupe IZIMMO<\/strong><\/p>\n\n\n\n<p style=\"margin-top:var(--wp--preset--spacing--minus-4);margin-right:var(--wp--preset--spacing--plus-3);margin-bottom:var(--wp--preset--spacing--minus-4);margin-left:var(--wp--preset--spacing--plus-3)\">Votre interlocuteur est le service suivi des acquisitions. Vous pouvez lui faire part de votre r\u00e9clamation soit :<\/p>\n\n\n\n<p style=\"margin-top:var(--wp--preset--spacing--minus-4);margin-right:var(--wp--preset--spacing--plus-3);margin-bottom:var(--wp--preset--spacing--minus-4);margin-left:var(--wp--preset--spacing--plus-3)\">\u2013 Par courrier \u00e0 l\u2019adresse suivante : IZIMMO \u2013 Service suivi des acquisitions \u2013 3 rue Edouard Belin 29200 BREST,<\/p>\n\n\n\n<p style=\"margin-top:var(--wp--preset--spacing--minus-4);margin-right:var(--wp--preset--spacing--plus-3);margin-bottom:var(--wp--preset--spacing--minus-4);margin-left:var(--wp--preset--spacing--plus-3)\">\u2013 Par t\u00e9l\u00e9phone au 02 98 44 03 03<\/p>\n\n\n\n<p style=\"margin-top:var(--wp--preset--spacing--minus-4);margin-right:var(--wp--preset--spacing--plus-3);margin-bottom:var(--wp--preset--spacing--minus-4);margin-left:var(--wp--preset--spacing--plus-3)\">\u2013 Par mail :&nbsp;<a href=\"mailto:suividesacquisitions@izimmo.com\">suividesacquisitions@izimmo.com<\/a><\/p>\n\n\n\n<p style=\"margin-top:var(--wp--preset--spacing--minus-4);margin-right:var(--wp--preset--spacing--plus-3);margin-bottom:var(--wp--preset--spacing--minus-4);margin-left:var(--wp--preset--spacing--plus-3)\">Si toutes les voies de recours dont vous disposez ont \u00e9t\u00e9 utilis\u00e9es, et si la r\u00e9ponse apport\u00e9e ne vous satisfait pas, vous pouvez solliciter le m\u00e9diateur ANM CONSO.<\/p>\n\n\n\n<p style=\"margin-top:var(--wp--preset--spacing--minus-4);margin-right:var(--wp--preset--spacing--plus-3);margin-bottom:var(--wp--preset--spacing--minus-4);margin-left:var(--wp--preset--spacing--plus-3)\">Apr\u00e8s \u00e9tude de votre dossier, ANM CONSOMMATION rendra un avis en vue du r\u00e8glement amiable de votre litige.<br>Vous pouvez contacter ANM CONSOMMATION \u00e0 l\u2019adresse postale suivante:<br>ANM CONSOMMATION<br>02 Rue de Colmar, 94300 Vincennes, France<br>Site internet du m\u00e9diateur :&nbsp;<a href=\"https:\/\/www.anm-conso.com\/site\/index.php\" target=\"_blank\" rel=\"noreferrer noopener\">https:\/\/www.anm-conso.com\/site\/index.php<\/a><\/p>\n\n\n\n<p style=\"margin-top:var(--wp--preset--spacing--minus-4);margin-right:var(--wp--preset--spacing--plus-3);margin-bottom:var(--wp--preset--spacing--minus-4);margin-left:var(--wp--preset--spacing--plus-3)\">Dans le cadre des activit\u00e9s de conseil en investissements financiers, si toutes les voies de recours dont vous disposez ont \u00e9t\u00e9 utilis\u00e9es, et si la r\u00e9ponse apport\u00e9e ne vous satisfait pas, vous pouvez solliciter le m\u00e9diateur de L\u2019Autorit\u00e9 des march\u00e9s financiers (AMF) :<br>Par courrier :&nbsp; Le M\u00e9diateur \u2013 Autorit\u00e9 des march\u00e9s financiers \u2013 17, place de la Bourse \u2013 75082 PARIS CEDEX 02 ou par le site internet : https:\/\/www.amf-france.org\/fr\/le-mediateur<\/p>\n","protected":false},"excerpt":{"rendered":"<p>Qu\u2019entend-on par r\u00e9clamation ? Sachez que, constitue une r\u00e9clamation, toute d\u00e9claration actant du m\u00e9contentement d\u2019un client envers un professionnel : d\u00e8s lors, une demande de service ou de prestation, une demande d\u2019information, de clarification ou une demande d\u2019avis n\u2019est pas une r\u00e9clamation. Afin de pouvoir traiter votre demande dans les meilleures conditions, nous vous remercions [&hellip;]<\/p>\n","protected":false},"author":1,"featured_media":0,"parent":0,"menu_order":0,"comment_status":"closed","ping_status":"closed","template":"","meta":{"_acf_changed":false,"footnotes":""},"class_list":["post-8225","page","type-page","status-publish","hentry"],"acf":[],"yoast_head":"<!-- This site is optimized with the Yoast SEO plugin v24.2 - https:\/\/yoast.com\/wordpress\/plugins\/seo\/ -->\n<title>R\u00e9clamation - LRP<\/title>\n<meta name=\"description\" content=\"Qu\u2019entend-on par r\u00e9clamation ? Sachez que, constitue une r\u00e9clamation, toute d\u00e9claration actant du m\u00e9contentement d\u2019un client envers un professionnel : d\u00e8s\" \/>\n<meta name=\"robots\" content=\"index, follow, max-snippet:-1, max-image-preview:large, max-video-preview:-1\" \/>\n<link rel=\"canonical\" href=\"https:\/\/www.lareferencepierre.fr\/accueil\/reclamation\/\" \/>\n<meta property=\"og:locale\" content=\"fr_FR\" \/>\n<meta property=\"og:type\" content=\"article\" \/>\n<meta property=\"og:title\" content=\"R\u00e9clamation - LRP\" \/>\n<meta property=\"og:description\" content=\"Qu\u2019entend-on par r\u00e9clamation ? Sachez que, constitue une r\u00e9clamation, toute d\u00e9claration actant du m\u00e9contentement d\u2019un client envers un professionnel : d\u00e8s\" \/>\n<meta property=\"og:url\" content=\"https:\/\/www.lareferencepierre.fr\/accueil\/reclamation\/\" \/>\n<meta property=\"og:site_name\" content=\"LRP\" \/>\n<meta property=\"article:modified_time\" content=\"2025-07-01T14:36:34+00:00\" \/>\n<meta name=\"twitter:card\" content=\"summary_large_image\" \/>\n<meta name=\"twitter:label1\" content=\"Dur\u00e9e de lecture estim\u00e9e\" \/>\n\t<meta name=\"twitter:data1\" content=\"2 minutes\" \/>\n<script type=\"application\/ld+json\" class=\"yoast-schema-graph\">{\"@context\":\"https:\/\/schema.org\",\"@graph\":[{\"@type\":\"WebPage\",\"@id\":\"https:\/\/www.lareferencepierre.fr\/accueil\/reclamation\/\",\"url\":\"https:\/\/www.lareferencepierre.fr\/accueil\/reclamation\/\",\"name\":\"R\u00e9clamation - LRP\",\"isPartOf\":{\"@id\":\"https:\/\/www.lareferencepierre.fr\/accueil\/#website\"},\"datePublished\":\"2025-07-01T14:33:13+00:00\",\"dateModified\":\"2025-07-01T14:36:34+00:00\",\"description\":\"Qu\u2019entend-on par r\u00e9clamation ? Sachez que, constitue une r\u00e9clamation, toute d\u00e9claration actant du m\u00e9contentement d\u2019un client envers un professionnel : d\u00e8s\",\"breadcrumb\":{\"@id\":\"https:\/\/www.lareferencepierre.fr\/accueil\/reclamation\/#breadcrumb\"},\"inLanguage\":\"fr-FR\",\"potentialAction\":[{\"@type\":\"ReadAction\",\"target\":[\"https:\/\/www.lareferencepierre.fr\/accueil\/reclamation\/\"]}]},{\"@type\":\"BreadcrumbList\",\"@id\":\"https:\/\/www.lareferencepierre.fr\/accueil\/reclamation\/#breadcrumb\",\"itemListElement\":[{\"@type\":\"ListItem\",\"position\":1,\"name\":\"Accueil\",\"item\":\"https:\/\/www.lareferencepierre.fr\/accueil\/\"},{\"@type\":\"ListItem\",\"position\":2,\"name\":\"R\u00e9clamation\"}]},{\"@type\":\"WebSite\",\"@id\":\"https:\/\/www.lareferencepierre.fr\/accueil\/#website\",\"url\":\"https:\/\/www.lareferencepierre.fr\/accueil\/\",\"name\":\"LRP\",\"description\":\"\",\"publisher\":{\"@id\":\"https:\/\/www.lareferencepierre.fr\/accueil\/#organization\"},\"potentialAction\":[{\"@type\":\"SearchAction\",\"target\":{\"@type\":\"EntryPoint\",\"urlTemplate\":\"https:\/\/www.lareferencepierre.fr\/accueil\/?s={search_term_string}\"},\"query-input\":{\"@type\":\"PropertyValueSpecification\",\"valueRequired\":true,\"valueName\":\"search_term_string\"}}],\"inLanguage\":\"fr-FR\"},{\"@type\":\"Organization\",\"@id\":\"https:\/\/www.lareferencepierre.fr\/accueil\/#organization\",\"name\":\"LRP\",\"url\":\"https:\/\/www.lareferencepierre.fr\/accueil\/\",\"logo\":{\"@type\":\"ImageObject\",\"inLanguage\":\"fr-FR\",\"@id\":\"https:\/\/www.lareferencepierre.fr\/accueil\/#\/schema\/logo\/image\/\",\"url\":\"https:\/\/www.lareferencepierre.fr\/accueil\/wp-content\/uploads\/logo-lrp.svg\",\"contentUrl\":\"https:\/\/www.lareferencepierre.fr\/accueil\/wp-content\/uploads\/logo-lrp.svg\",\"width\":89,\"height\":72,\"caption\":\"LRP\"},\"image\":{\"@id\":\"https:\/\/www.lareferencepierre.fr\/accueil\/#\/schema\/logo\/image\/\"}}]}<\/script>\n<!-- \/ Yoast SEO plugin. -->","yoast_head_json":{"title":"R\u00e9clamation - LRP","description":"Qu\u2019entend-on par r\u00e9clamation ? Sachez que, constitue une r\u00e9clamation, toute d\u00e9claration actant du m\u00e9contentement d\u2019un client envers un professionnel : d\u00e8s","robots":{"index":"index","follow":"follow","max-snippet":"max-snippet:-1","max-image-preview":"max-image-preview:large","max-video-preview":"max-video-preview:-1"},"canonical":"https:\/\/www.lareferencepierre.fr\/accueil\/reclamation\/","og_locale":"fr_FR","og_type":"article","og_title":"R\u00e9clamation - LRP","og_description":"Qu\u2019entend-on par r\u00e9clamation ? Sachez que, constitue une r\u00e9clamation, toute d\u00e9claration actant du m\u00e9contentement d\u2019un client envers un professionnel : d\u00e8s","og_url":"https:\/\/www.lareferencepierre.fr\/accueil\/reclamation\/","og_site_name":"LRP","article_modified_time":"2025-07-01T14:36:34+00:00","twitter_card":"summary_large_image","twitter_misc":{"Dur\u00e9e de lecture estim\u00e9e":"2 minutes"},"schema":{"@context":"https:\/\/schema.org","@graph":[{"@type":"WebPage","@id":"https:\/\/www.lareferencepierre.fr\/accueil\/reclamation\/","url":"https:\/\/www.lareferencepierre.fr\/accueil\/reclamation\/","name":"R\u00e9clamation - LRP","isPartOf":{"@id":"https:\/\/www.lareferencepierre.fr\/accueil\/#website"},"datePublished":"2025-07-01T14:33:13+00:00","dateModified":"2025-07-01T14:36:34+00:00","description":"Qu\u2019entend-on par r\u00e9clamation ? Sachez que, constitue une r\u00e9clamation, toute d\u00e9claration actant du m\u00e9contentement d\u2019un client envers un professionnel : d\u00e8s","breadcrumb":{"@id":"https:\/\/www.lareferencepierre.fr\/accueil\/reclamation\/#breadcrumb"},"inLanguage":"fr-FR","potentialAction":[{"@type":"ReadAction","target":["https:\/\/www.lareferencepierre.fr\/accueil\/reclamation\/"]}]},{"@type":"BreadcrumbList","@id":"https:\/\/www.lareferencepierre.fr\/accueil\/reclamation\/#breadcrumb","itemListElement":[{"@type":"ListItem","position":1,"name":"Accueil","item":"https:\/\/www.lareferencepierre.fr\/accueil\/"},{"@type":"ListItem","position":2,"name":"R\u00e9clamation"}]},{"@type":"WebSite","@id":"https:\/\/www.lareferencepierre.fr\/accueil\/#website","url":"https:\/\/www.lareferencepierre.fr\/accueil\/","name":"LRP","description":"","publisher":{"@id":"https:\/\/www.lareferencepierre.fr\/accueil\/#organization"},"potentialAction":[{"@type":"SearchAction","target":{"@type":"EntryPoint","urlTemplate":"https:\/\/www.lareferencepierre.fr\/accueil\/?s={search_term_string}"},"query-input":{"@type":"PropertyValueSpecification","valueRequired":true,"valueName":"search_term_string"}}],"inLanguage":"fr-FR"},{"@type":"Organization","@id":"https:\/\/www.lareferencepierre.fr\/accueil\/#organization","name":"LRP","url":"https:\/\/www.lareferencepierre.fr\/accueil\/","logo":{"@type":"ImageObject","inLanguage":"fr-FR","@id":"https:\/\/www.lareferencepierre.fr\/accueil\/#\/schema\/logo\/image\/","url":"https:\/\/www.lareferencepierre.fr\/accueil\/wp-content\/uploads\/logo-lrp.svg","contentUrl":"https:\/\/www.lareferencepierre.fr\/accueil\/wp-content\/uploads\/logo-lrp.svg","width":89,"height":72,"caption":"LRP"},"image":{"@id":"https:\/\/www.lareferencepierre.fr\/accueil\/#\/schema\/logo\/image\/"}}]}},"mfb_rest_fields":["yoast_head","yoast_head_json"],"_links":{"self":[{"href":"https:\/\/www.lareferencepierre.fr\/accueil\/wp-json\/wp\/v2\/pages\/8225","targetHints":{"allow":["GET"]}}],"collection":[{"href":"https:\/\/www.lareferencepierre.fr\/accueil\/wp-json\/wp\/v2\/pages"}],"about":[{"href":"https:\/\/www.lareferencepierre.fr\/accueil\/wp-json\/wp\/v2\/types\/page"}],"author":[{"embeddable":true,"href":"https:\/\/www.lareferencepierre.fr\/accueil\/wp-json\/wp\/v2\/users\/1"}],"replies":[{"embeddable":true,"href":"https:\/\/www.lareferencepierre.fr\/accueil\/wp-json\/wp\/v2\/comments?post=8225"}],"version-history":[{"count":5,"href":"https:\/\/www.lareferencepierre.fr\/accueil\/wp-json\/wp\/v2\/pages\/8225\/revisions"}],"predecessor-version":[{"id":15427,"href":"https:\/\/www.lareferencepierre.fr\/accueil\/wp-json\/wp\/v2\/pages\/8225\/revisions\/15427"}],"wp:attachment":[{"href":"https:\/\/www.lareferencepierre.fr\/accueil\/wp-json\/wp\/v2\/media?parent=8225"}],"curies":[{"name":"wp","href":"https:\/\/api.w.org\/{rel}","templated":true}]}}