{"id":5908,"date":"2024-10-08T09:39:38","date_gmt":"2024-10-08T07:39:38","guid":{"rendered":"https:\/\/www.lareferencepierre.fr\/accueil\/?page_id=5908"},"modified":"2025-02-24T08:43:06","modified_gmt":"2025-02-24T07:43:06","slug":"fonds-a-sous-jacents-immobiliers","status":"publish","type":"page","link":"https:\/\/www.lareferencepierre.fr\/accueil\/fonds-a-sous-jacents-immobiliers\/","title":{"rendered":"Fonds \u00e0 sous-jacent immobilier"},"content":{"rendered":"\n<div class=\"wp-block-group has-secondary-90-background-color has-background has-global-padding is-layout-constrained wp-container-core-group-is-layout-4 wp-block-group-is-layout-constrained\"><div class=\"yoast-breadcrumbs\"><span><span><a href=\"https:\/\/www.lareferencepierre.fr\/accueil\/\">Accueil<\/a><\/span> \u203a <span class=\"breadcrumb_last\" aria-current=\"page\">Accueil > Fonds \u00e0 sous-jacent immobilier<\/span><\/span><\/div>\n\n\n<div class=\"wp-block-imcr-blocks-responsive-spacer\"><div style=\"height:48px\"><\/div><div style=\"height:32px\"><\/div><\/div>\n\n\n\n<div class=\"wp-block-group is-vertical is-content-justification-center is-layout-flex wp-container-core-group-is-layout-1 wp-block-group-is-layout-flex\">\n<h1 class=\"wp-block-heading has-text-align-center has-white-color has-text-color has-link-color has-xxx-large-font-size wp-elements-a05a61f4053f52748cac2cd35d82414d\"><mark style=\"background-color:#00a7ab\" class=\"has-inline-color\">Fonds<\/mark> \u00e0 sous-jacent immobilier<\/h1>\n\n\n\n<p class=\"has-text-align-center has-primary-50-color has-text-color has-link-color wp-elements-9595aa7b9e31c1e5a040d7d4b14113c6\"><strong>DIVERSIFICATION ET MUTUALISATION DU RISQUE<\/strong><\/p>\n<\/div>\n\n\n\n<div class=\"wp-block-group has-global-padding is-layout-constrained wp-block-group-is-layout-constrained\" style=\"padding-top:var(--wp--preset--spacing--plus-2);padding-bottom:var(--wp--preset--spacing--plus-2)\">\n<div class=\"wp-block-group has-global-padding is-layout-constrained wp-container-core-group-is-layout-2 wp-block-group-is-layout-constrained\">\n<p class=\"has-text-align-center is-style-intro has-white-color has-text-color has-link-color wp-elements-40e3d6baaeda3aed94abcb367b9a33ef is-style-intro--1\">La diversification patrimoniale devient possible sans les contraintes de la gestion directe des biens immobiliers. Les fonds immobiliers s\u00e9lectionn\u00e9s offrent un acc\u00e8s simplifi\u00e9 et optimis\u00e9 au march\u00e9, permettant \u00e0 vos clients de saisir les opportunit\u00e9s du secteur tout en b\u00e9n\u00e9ficiant d\u2019une gestion all\u00e9g\u00e9e et d\u2019une valorisation durable, la complexit\u00e9 du management op\u00e9rationnel \u00e9tant \u00e0 la main de professionnels de l&rsquo;immobilier.<\/p>\n<\/div>\n<\/div>\n\n\n\n<div class=\"wp-block-imcr-blocks-responsive-spacer\"><div style=\"height:96px\"><\/div><div style=\"height:48px\"><\/div><\/div>\n<\/div>\n\n\n\n<div class=\"wp-block-group has-secondary-10-background-color has-background has-global-padding is-layout-constrained wp-container-core-group-is-layout-12 wp-block-group-is-layout-constrained\" style=\"padding-top:var(--wp--preset--spacing--plus-2);padding-bottom:var(--wp--preset--spacing--plus-2)\">\n<h2 class=\"wp-block-heading has-text-align-center has-primary-90-color has-text-color has-link-color wp-elements-f4b10c16aec81d1cb455b1a3b04e6479\">Une s\u00e9lection d\u2019opportunit\u00e9s aux strat\u00e9gies et aux performances attractives<\/h2>\n\n\n\n<div  class=\"imcr-content-slider swiper swiper-content slider-just-next slider-certifications no-desktop swiper-loop swiper-3-items\" data-slides-per-view=\"3\">\n       \n   <div class=\"swiper-wrapper\">\n\n<div class=\"wp-block-group swiper-slide has-white-background-color has-background has-global-padding is-content-justification-center is-layout-constrained wp-container-core-group-is-layout-6 wp-block-group-is-layout-constrained\" style=\"padding-top:var(--wp--preset--spacing--plus-0);padding-right:var(--wp--preset--spacing--base);padding-bottom:var(--wp--preset--spacing--plus-0);padding-left:var(--wp--preset--spacing--base)\">\n<div class=\"wp-block-group is-vertical is-content-justification-left is-layout-flex wp-container-core-group-is-layout-5 wp-block-group-is-layout-flex\">\n<h3 class=\"wp-block-heading has-text-align-left\">Club Deal \u2013 de type autres FIA<\/h3>\n\n\n\n<ul class=\"wp-block-list\">\n<li>Fonds de capitalisation ou de distribution<\/li>\n\n\n\n<li>D\u00e9di\u00e9s \u00e0 une ou plusieurs op\u00e9rations<\/li>\n\n\n\n<li>Montant de souscription de 100&nbsp;000 \u20ac \u00e0 1&nbsp;000&nbsp;000 \u20ac* g\u00e9n\u00e9ralement<\/li>\n\n\n\n<li>Dur\u00e9es de d\u00e9tention recommand\u00e9e variables<\/li>\n\n\n\n<li>Investisseurs professionnels ou assimil\u00e9s*<\/li>\n<\/ul>\n<\/div>\n<\/div>\n\n\n\n<div class=\"wp-block-group swiper-slide has-white-background-color has-background has-global-padding is-content-justification-center is-layout-constrained wp-container-core-group-is-layout-8 wp-block-group-is-layout-constrained\" style=\"padding-top:var(--wp--preset--spacing--plus-0);padding-right:var(--wp--preset--spacing--base);padding-bottom:var(--wp--preset--spacing--plus-0);padding-left:var(--wp--preset--spacing--base)\">\n<div class=\"wp-block-group is-vertical is-content-justification-left is-layout-flex wp-container-core-group-is-layout-7 wp-block-group-is-layout-flex\">\n<h3 class=\"wp-block-heading has-text-align-left\">Fonds professionnels sp\u00e9cialis\u00e9s<\/h3>\n\n\n\n<ul class=\"wp-block-list\">\n<li>De type Fonds Professionnels de Capital Investissement, Soci\u00e9t\u00e9 de Libre Partenariat\u2026<\/li>\n\n\n\n<li>Souscription minimum cible  : 100 000\u20ac*<\/li>\n\n\n\n<li>Acc\u00e8s \u00e0 une vari\u00e9t\u00e9 de th\u00e9matiques d\u2019investissement&nbsp;: h\u00f4tellerie, parc d\u2019activit\u00e9s logistique, commerces, co-living\u2026<\/li>\n<\/ul>\n<\/div>\n<\/div>\n\n\n\n<div class=\"wp-block-group swiper-slide has-white-background-color has-background has-global-padding is-content-justification-center is-layout-constrained wp-container-core-group-is-layout-10 wp-block-group-is-layout-constrained\" style=\"padding-top:var(--wp--preset--spacing--plus-0);padding-right:var(--wp--preset--spacing--base);padding-bottom:var(--wp--preset--spacing--plus-0);padding-left:var(--wp--preset--spacing--base)\">\n<div class=\"wp-block-group is-vertical is-content-justification-left is-layout-flex wp-container-core-group-is-layout-9 wp-block-group-is-layout-flex\">\n<h3 class=\"wp-block-heading has-text-align-left\">SCPI<\/h3>\n\n\n\n<ul class=\"wp-block-list\">\n<li>Une solution aux conditions fiscales optimis\u00e9es, pour acc\u00e9der au march\u00e9 immobilier via un placement collectif, et destin\u00e9 \u00e0 un large panel de profils d&rsquo;investisseurs.<\/li>\n\n\n\n<li>A venir en 2025, un partenariat privil\u00e9gi\u00e9 avec un acteur de la r\u00e9novation immobili\u00e8re reconnu.<\/li>\n<\/ul>\n<\/div>\n<\/div>\n\n<\/div>\n    <!-- <div class=\"swiper-pagination\"><\/div> -->\n            <div class=\"pagination-container\">\n            <div class=\"swiper-button-prev\"><\/div>\n            <div class=\"swiper-button-next\"><\/div>\n        <\/div>\n    <\/div>\n\n\n\n<div class=\"wp-block-group is-vertical is-layout-flex wp-container-core-group-is-layout-11 wp-block-group-is-layout-flex\">\n<p>*Selon disposition du r\u00e8glement g\u00e9n\u00e9ral de l\u2019AMF concernant la cat\u00e9gorie des investisseurs \u00e9ligibles. <\/p>\n\n\n\n<p>Optimisations possibles selon le type de fonds : hors assiette IFI, exon\u00e9ration PVLT, \u00e9ligibilit\u00e9 \u00e0 l&rsquo;art. 150 0 b TER du CGI, r\u00e9gime m\u00e8re\/fille, d\u00e9membrement&#8230;<\/p>\n\n\n\n<p>Avertissements\u00a0: Investir dans de tels fonds repr\u00e9sente certains risques, dont celui de perte en capital ou de liquidit\u00e9. Cette pr\u00e9sentation de nos diff\u00e9rentes activit\u00e9s rel\u00e8ve d\u2019un caract\u00e8re commercial et non un caract\u00e8re r\u00e9glementaire. Elle a \u00e9t\u00e9 r\u00e9alis\u00e9e dans un but d\u2019information uniquement et ne constitue pas une offre, ni ne constitue un conseil en investissements.<\/p>\n<\/div>\n<\/div>\n\n\n\n<div class=\"wp-block-group has-global-padding is-layout-constrained wp-block-group-is-layout-constrained\" style=\"padding-top:var(--wp--preset--spacing--plus-2);padding-bottom:var(--wp--preset--spacing--plus-2)\">\n<div class=\"wp-block-group has-global-padding is-layout-constrained wp-container-core-group-is-layout-14 wp-block-group-is-layout-constrained\">\n<div class=\"wp-block-columns is-layout-flex wp-container-core-columns-is-layout-1 wp-block-columns-is-layout-flex\">\n<div class=\"wp-block-column is-vertically-aligned-center is-layout-flow wp-block-column-is-layout-flow\">\n<div class=\"wp-block-group is-vertical is-layout-flex wp-container-core-group-is-layout-13 wp-block-group-is-layout-flex\">\n<h2 class=\"wp-block-heading\">Une approche <br><mark style=\"background-color:#00a7ab\" class=\"has-inline-color\">sur-mesure<\/mark><\/h2>\n\n\n\n<p>Nous vous proposons une gestion tactique et \u00e9clair\u00e9e des investissements immobiliers. Notre \u00e9quipe de sp\u00e9cialistes vous accompagne dans la s\u00e9lection des fonds les plus adapt\u00e9s aux objectifs patrimoniaux de vos clients, avec une analyse d\u00e9taill\u00e9e du march\u00e9 \u2013 partenaires et sous-jacents immobiliers, qui participe \u00e0 la diversification et l\u2019optimisation de leurs portefeuilles.<\/p>\n\n\n\n<div class=\"wp-block-buttons is-layout-flex wp-block-buttons-is-layout-flex\">\n<div class=\"wp-block-button is-style-secondary is-style-secondary--2\"><a class=\"wp-block-button__link wp-element-button\" href=\"https:\/\/www.lareferencepierre.fr\/accueil\/contact\/\">Contactez-nous<\/a><\/div>\n<\/div>\n<\/div>\n<\/div>\n\n\n\n<div class=\"wp-block-column is-layout-flow wp-block-column-is-layout-flow\">\n<div  class=\"double-image\" >\n    \n<img decoding=\"async\" src=\"https:\/\/www.lareferencepierre.fr\/accueil\/wp-content\/uploads\/5-700x700.jpg\" alt=\"\" class=\"image_1\" data-scroll=\"\" data-scroll-speed=\"-0.05\"><\/div>\n<\/div>\n<\/div>\n<\/div>\n<\/div>\n\n\n\n<div class=\"wp-block-imcr-blocks-responsive-spacer\"><div style=\"height:32px\"><\/div><div style=\"height:32px\"><\/div><\/div>\n\n\n\n<p><\/p>\n","protected":false},"excerpt":{"rendered":"<p>Fonds \u00e0 sous-jacent immobilier DIVERSIFICATION ET MUTUALISATION DU RISQUE La diversification patrimoniale devient possible sans les contraintes de la gestion directe des biens immobiliers. Les fonds immobiliers s\u00e9lectionn\u00e9s offrent un acc\u00e8s simplifi\u00e9 et optimis\u00e9 au march\u00e9, permettant \u00e0 vos clients de saisir les opportunit\u00e9s du secteur tout en b\u00e9n\u00e9ficiant d\u2019une gestion all\u00e9g\u00e9e et d\u2019une valorisation [&hellip;]<\/p>\n","protected":false},"author":1,"featured_media":0,"parent":0,"menu_order":0,"comment_status":"closed","ping_status":"closed","template":"","meta":{"_acf_changed":false,"footnotes":""},"class_list":["post-5908","page","type-page","status-publish","hentry"],"acf":[],"yoast_head":"<!-- This site is optimized with the Yoast SEO plugin v24.2 - https:\/\/yoast.com\/wordpress\/plugins\/seo\/ -->\n<title>Fonds \u00e0 sous-jacent immobilier - LRP - La R\u00e9f\u00e9rence Pierre<\/title>\n<meta name=\"description\" content=\"Diversification et mutualisation des risques avec une s\u00e9lection de placements vari\u00e9s : Fonds immobilier patrimonial ou professionnel, fonci\u00e8re d\u00e9di\u00e9e.\" \/>\n<meta name=\"robots\" content=\"index, follow, max-snippet:-1, max-image-preview:large, max-video-preview:-1\" \/>\n<link rel=\"canonical\" href=\"https:\/\/www.lareferencepierre.fr\/accueil\/fonds-a-sous-jacents-immobiliers\/\" \/>\n<meta property=\"og:locale\" content=\"fr_FR\" \/>\n<meta property=\"og:type\" content=\"article\" \/>\n<meta property=\"og:title\" content=\"Fonds \u00e0 sous-jacent immobilier - LRP - La R\u00e9f\u00e9rence Pierre\" \/>\n<meta property=\"og:description\" content=\"Diversification et mutualisation des risques avec une s\u00e9lection de placements vari\u00e9s : Fonds immobilier patrimonial ou professionnel, fonci\u00e8re d\u00e9di\u00e9e.\" \/>\n<meta property=\"og:url\" content=\"https:\/\/www.lareferencepierre.fr\/accueil\/fonds-a-sous-jacents-immobiliers\/\" \/>\n<meta property=\"og:site_name\" content=\"LRP\" \/>\n<meta property=\"article:modified_time\" content=\"2025-02-24T07:43:06+00:00\" \/>\n<meta name=\"twitter:card\" content=\"summary_large_image\" \/>\n<meta name=\"twitter:label1\" content=\"Dur\u00e9e de lecture estim\u00e9e\" \/>\n\t<meta name=\"twitter:data1\" content=\"2 minutes\" \/>\n<script type=\"application\/ld+json\" class=\"yoast-schema-graph\">{\"@context\":\"https:\/\/schema.org\",\"@graph\":[{\"@type\":\"WebPage\",\"@id\":\"https:\/\/www.lareferencepierre.fr\/accueil\/fonds-a-sous-jacents-immobiliers\/\",\"url\":\"https:\/\/www.lareferencepierre.fr\/accueil\/fonds-a-sous-jacents-immobiliers\/\",\"name\":\"Fonds \u00e0 sous-jacent immobilier - LRP - La R\u00e9f\u00e9rence Pierre\",\"isPartOf\":{\"@id\":\"https:\/\/www.lareferencepierre.fr\/accueil\/#website\"},\"datePublished\":\"2024-10-08T07:39:38+00:00\",\"dateModified\":\"2025-02-24T07:43:06+00:00\",\"description\":\"Diversification et mutualisation des risques avec une s\u00e9lection de placements vari\u00e9s : Fonds immobilier patrimonial ou professionnel, fonci\u00e8re d\u00e9di\u00e9e.\",\"breadcrumb\":{\"@id\":\"https:\/\/www.lareferencepierre.fr\/accueil\/fonds-a-sous-jacents-immobiliers\/#breadcrumb\"},\"inLanguage\":\"fr-FR\",\"potentialAction\":[{\"@type\":\"ReadAction\",\"target\":[\"https:\/\/www.lareferencepierre.fr\/accueil\/fonds-a-sous-jacents-immobiliers\/\"]}]},{\"@type\":\"BreadcrumbList\",\"@id\":\"https:\/\/www.lareferencepierre.fr\/accueil\/fonds-a-sous-jacents-immobiliers\/#breadcrumb\",\"itemListElement\":[{\"@type\":\"ListItem\",\"position\":1,\"name\":\"Accueil\",\"item\":\"https:\/\/www.lareferencepierre.fr\/accueil\/\"},{\"@type\":\"ListItem\",\"position\":2,\"name\":\"Accueil > Fonds \u00e0 sous-jacent immobilier\"}]},{\"@type\":\"WebSite\",\"@id\":\"https:\/\/www.lareferencepierre.fr\/accueil\/#website\",\"url\":\"https:\/\/www.lareferencepierre.fr\/accueil\/\",\"name\":\"LRP\",\"description\":\"\",\"publisher\":{\"@id\":\"https:\/\/www.lareferencepierre.fr\/accueil\/#organization\"},\"potentialAction\":[{\"@type\":\"SearchAction\",\"target\":{\"@type\":\"EntryPoint\",\"urlTemplate\":\"https:\/\/www.lareferencepierre.fr\/accueil\/?s={search_term_string}\"},\"query-input\":{\"@type\":\"PropertyValueSpecification\",\"valueRequired\":true,\"valueName\":\"search_term_string\"}}],\"inLanguage\":\"fr-FR\"},{\"@type\":\"Organization\",\"@id\":\"https:\/\/www.lareferencepierre.fr\/accueil\/#organization\",\"name\":\"LRP\",\"url\":\"https:\/\/www.lareferencepierre.fr\/accueil\/\",\"logo\":{\"@type\":\"ImageObject\",\"inLanguage\":\"fr-FR\",\"@id\":\"https:\/\/www.lareferencepierre.fr\/accueil\/#\/schema\/logo\/image\/\",\"url\":\"https:\/\/www.lareferencepierre.fr\/accueil\/wp-content\/uploads\/logo-lrp.svg\",\"contentUrl\":\"https:\/\/www.lareferencepierre.fr\/accueil\/wp-content\/uploads\/logo-lrp.svg\",\"width\":89,\"height\":72,\"caption\":\"LRP\"},\"image\":{\"@id\":\"https:\/\/www.lareferencepierre.fr\/accueil\/#\/schema\/logo\/image\/\"}}]}<\/script>\n<!-- \/ Yoast SEO plugin. -->","yoast_head_json":{"title":"Fonds \u00e0 sous-jacent immobilier - LRP - La R\u00e9f\u00e9rence Pierre","description":"Diversification et mutualisation des risques avec une s\u00e9lection de placements vari\u00e9s : Fonds immobilier patrimonial ou professionnel, fonci\u00e8re d\u00e9di\u00e9e.","robots":{"index":"index","follow":"follow","max-snippet":"max-snippet:-1","max-image-preview":"max-image-preview:large","max-video-preview":"max-video-preview:-1"},"canonical":"https:\/\/www.lareferencepierre.fr\/accueil\/fonds-a-sous-jacents-immobiliers\/","og_locale":"fr_FR","og_type":"article","og_title":"Fonds \u00e0 sous-jacent immobilier - LRP - La R\u00e9f\u00e9rence Pierre","og_description":"Diversification et mutualisation des risques avec une s\u00e9lection de placements vari\u00e9s : Fonds immobilier patrimonial ou professionnel, fonci\u00e8re d\u00e9di\u00e9e.","og_url":"https:\/\/www.lareferencepierre.fr\/accueil\/fonds-a-sous-jacents-immobiliers\/","og_site_name":"LRP","article_modified_time":"2025-02-24T07:43:06+00:00","twitter_card":"summary_large_image","twitter_misc":{"Dur\u00e9e de lecture estim\u00e9e":"2 minutes"},"schema":{"@context":"https:\/\/schema.org","@graph":[{"@type":"WebPage","@id":"https:\/\/www.lareferencepierre.fr\/accueil\/fonds-a-sous-jacents-immobiliers\/","url":"https:\/\/www.lareferencepierre.fr\/accueil\/fonds-a-sous-jacents-immobiliers\/","name":"Fonds \u00e0 sous-jacent immobilier - LRP - La R\u00e9f\u00e9rence Pierre","isPartOf":{"@id":"https:\/\/www.lareferencepierre.fr\/accueil\/#website"},"datePublished":"2024-10-08T07:39:38+00:00","dateModified":"2025-02-24T07:43:06+00:00","description":"Diversification et mutualisation des risques avec une s\u00e9lection de placements vari\u00e9s : Fonds immobilier patrimonial ou professionnel, fonci\u00e8re d\u00e9di\u00e9e.","breadcrumb":{"@id":"https:\/\/www.lareferencepierre.fr\/accueil\/fonds-a-sous-jacents-immobiliers\/#breadcrumb"},"inLanguage":"fr-FR","potentialAction":[{"@type":"ReadAction","target":["https:\/\/www.lareferencepierre.fr\/accueil\/fonds-a-sous-jacents-immobiliers\/"]}]},{"@type":"BreadcrumbList","@id":"https:\/\/www.lareferencepierre.fr\/accueil\/fonds-a-sous-jacents-immobiliers\/#breadcrumb","itemListElement":[{"@type":"ListItem","position":1,"name":"Accueil","item":"https:\/\/www.lareferencepierre.fr\/accueil\/"},{"@type":"ListItem","position":2,"name":"Accueil > Fonds \u00e0 sous-jacent immobilier"}]},{"@type":"WebSite","@id":"https:\/\/www.lareferencepierre.fr\/accueil\/#website","url":"https:\/\/www.lareferencepierre.fr\/accueil\/","name":"LRP","description":"","publisher":{"@id":"https:\/\/www.lareferencepierre.fr\/accueil\/#organization"},"potentialAction":[{"@type":"SearchAction","target":{"@type":"EntryPoint","urlTemplate":"https:\/\/www.lareferencepierre.fr\/accueil\/?s={search_term_string}"},"query-input":{"@type":"PropertyValueSpecification","valueRequired":true,"valueName":"search_term_string"}}],"inLanguage":"fr-FR"},{"@type":"Organization","@id":"https:\/\/www.lareferencepierre.fr\/accueil\/#organization","name":"LRP","url":"https:\/\/www.lareferencepierre.fr\/accueil\/","logo":{"@type":"ImageObject","inLanguage":"fr-FR","@id":"https:\/\/www.lareferencepierre.fr\/accueil\/#\/schema\/logo\/image\/","url":"https:\/\/www.lareferencepierre.fr\/accueil\/wp-content\/uploads\/logo-lrp.svg","contentUrl":"https:\/\/www.lareferencepierre.fr\/accueil\/wp-content\/uploads\/logo-lrp.svg","width":89,"height":72,"caption":"LRP"},"image":{"@id":"https:\/\/www.lareferencepierre.fr\/accueil\/#\/schema\/logo\/image\/"}}]}},"mfb_rest_fields":["yoast_head","yoast_head_json"],"_links":{"self":[{"href":"https:\/\/www.lareferencepierre.fr\/accueil\/wp-json\/wp\/v2\/pages\/5908","targetHints":{"allow":["GET"]}}],"collection":[{"href":"https:\/\/www.lareferencepierre.fr\/accueil\/wp-json\/wp\/v2\/pages"}],"about":[{"href":"https:\/\/www.lareferencepierre.fr\/accueil\/wp-json\/wp\/v2\/types\/page"}],"author":[{"embeddable":true,"href":"https:\/\/www.lareferencepierre.fr\/accueil\/wp-json\/wp\/v2\/users\/1"}],"replies":[{"embeddable":true,"href":"https:\/\/www.lareferencepierre.fr\/accueil\/wp-json\/wp\/v2\/comments?post=5908"}],"version-history":[{"count":37,"href":"https:\/\/www.lareferencepierre.fr\/accueil\/wp-json\/wp\/v2\/pages\/5908\/revisions"}],"predecessor-version":[{"id":10508,"href":"https:\/\/www.lareferencepierre.fr\/accueil\/wp-json\/wp\/v2\/pages\/5908\/revisions\/10508"}],"wp:attachment":[{"href":"https:\/\/www.lareferencepierre.fr\/accueil\/wp-json\/wp\/v2\/media?parent=5908"}],"curies":[{"name":"wp","href":"https:\/\/api.w.org\/{rel}","templated":true}]}}